{"id":7,"date":"2023-05-19T06:30:42","date_gmt":"2023-05-19T06:30:42","guid":{"rendered":"https:\/\/demosites.royal-elementor-addons.com\/home-care-v1\/?page_id=7"},"modified":"2025-10-19T22:24:42","modified_gmt":"2025-10-19T22:24:42","slug":"about","status":"publish","type":"page","link":"https:\/\/intellisanus.com\/?page_id=7","title":{"rendered":"Sobre N\u00f3s"},"content":{"rendered":"\t\t<div data-elementor-type=\"wp-page\" data-elementor-id=\"7\" class=\"elementor elementor-7\">\n\t\t\t\t\t\t<section class=\"elementor-section elementor-top-section elementor-element elementor-element-b64a53b elementor-section-height-min-height elementor-section-boxed elementor-section-height-default elementor-section-items-middle wpr-particle-no wpr-jarallax-no wpr-parallax-no wpr-sticky-section-no wpr-equal-height-no\" data-id=\"b64a53b\" data-element_type=\"section\" data-e-type=\"section\" data-settings=\"{&quot;background_background&quot;:&quot;classic&quot;,&quot;shape_divider_bottom&quot;:&quot;tilt&quot;}\">\n\t\t\t\t\t\t\t<div class=\"elementor-background-overlay\"><\/div>\n\t\t\t\t\t\t<div class=\"elementor-shape elementor-shape-bottom\" aria-hidden=\"true\" data-negative=\"false\">\n\t\t\t<svg xmlns=\"http:\/\/www.w3.org\/2000\/svg\" viewBox=\"0 0 1000 100\" preserveAspectRatio=\"none\">\n\t<path class=\"elementor-shape-fill\" d=\"M0,6V0h1000v100L0,6z\"\/>\n<\/svg>\t\t<\/div>\n\t\t\t\t\t<div class=\"elementor-container elementor-column-gap-default\">\n\t\t\t\t\t<div class=\"elementor-column elementor-col-100 elementor-top-column elementor-element elementor-element-1d1df3e\" data-id=\"1d1df3e\" data-element_type=\"column\" data-e-type=\"column\">\n\t\t\t<div class=\"elementor-widget-wrap elementor-element-populated\">\n\t\t\t\t\t\t<div class=\"elementor-element elementor-element-9e00986 elementor-widget elementor-widget-heading\" data-id=\"9e00986\" data-element_type=\"widget\" data-e-type=\"widget\" data-widget_type=\"heading.default\">\n\t\t\t\t<div class=\"elementor-widget-container\">\n\t\t\t\t\t<h2 class=\"elementor-heading-title elementor-size-default\">Sobre N\u00f3s<\/h2>\t\t\t\t<\/div>\n\t\t\t\t<\/div>\n\t\t\t\t\t<\/div>\n\t\t<\/div>\n\t\t\t\t\t<\/div>\n\t\t<\/section>\n\t\t\t\t<section class=\"elementor-section elementor-top-section elementor-element elementor-element-91f6c18 elementor-section-boxed elementor-section-height-default elementor-section-height-default wpr-particle-no wpr-jarallax-no wpr-parallax-no wpr-sticky-section-no wpr-equal-height-no\" data-id=\"91f6c18\" data-element_type=\"section\" data-e-type=\"section\">\n\t\t\t\t\t\t<div class=\"elementor-container elementor-column-gap-default\">\n\t\t\t\t\t<div class=\"elementor-column elementor-col-50 elementor-top-column elementor-element elementor-element-06eb135\" data-id=\"06eb135\" data-element_type=\"column\" data-e-type=\"column\">\n\t\t\t<div class=\"elementor-widget-wrap elementor-element-populated\">\n\t\t\t\t\t\t<div class=\"elementor-element elementor-element-775dc7c elementor-widget elementor-widget-heading\" data-id=\"775dc7c\" data-element_type=\"widget\" data-e-type=\"widget\" data-widget_type=\"heading.default\">\n\t\t\t\t<div class=\"elementor-widget-container\">\n\t\t\t\t\t<h2 class=\"elementor-heading-title elementor-size-default\">Sobre a intelliSanus<\/h2>\t\t\t\t<\/div>\n\t\t\t\t<\/div>\n\t\t\t\t<div class=\"elementor-element elementor-element-c5a29b6 elementor-widget elementor-widget-heading\" data-id=\"c5a29b6\" data-element_type=\"widget\" data-e-type=\"widget\" data-widget_type=\"heading.default\">\n\t\t\t\t<div class=\"elementor-widget-container\">\n\t\t\t\t\t<h2 class=\"elementor-heading-title elementor-size-default\">Estamos comprometidos com a Medicina personalizada <\/h2>\t\t\t\t<\/div>\n\t\t\t\t<\/div>\n\t\t\t\t<div class=\"elementor-element elementor-element-af8dac8 elementor-widget elementor-widget-text-editor\" data-id=\"af8dac8\" data-element_type=\"widget\" data-e-type=\"widget\" data-widget_type=\"text-editor.default\">\n\t\t\t\t<div class=\"elementor-widget-container\">\n\t\t\t\t\t\t\t\t\t<p data-start=\"223\" data-end=\"454\">A <strong data-start=\"225\" data-end=\"241\">IntelliSanus<\/strong> tem como vis\u00e3o ser um <strong data-start=\"264\" data-end=\"311\">parceiro de refer\u00eancia da comunidade m\u00e9dica<\/strong>, disponibilizando <strong data-start=\"330\" data-end=\"364\">produtos e servi\u00e7os inovadores,<\/strong> que promovam a <strong data-start=\"380\" data-end=\"410\">personaliza\u00e7\u00e3o da medicina<\/strong> e a <strong data-start=\"415\" data-end=\"451\">melhoria dos resultados em sa\u00fade<\/strong>.<\/p><p data-start=\"456\" data-end=\"689\">A <strong data-start=\"458\" data-end=\"492\">utiliza\u00e7\u00e3o de testes gen\u00e9ticos<\/strong> constitui um elemento fundamental desta abordagem, permitindo compreender at\u00e9 <strong data-start=\"571\" data-end=\"631\">95% da variabilidade na resposta individual aos f\u00e1rmacos<\/strong> e apoiar decis\u00f5es terap\u00eauticas mais seguras e eficazes.<\/p><p>A <strong data-start=\"610\" data-end=\"626\">IntelliSanus<\/strong> assume o compromisso de <strong data-start=\"651\" data-end=\"735\">disponibilizar testes gen\u00e9ticos simples e de f\u00e1cil integra\u00e7\u00e3o na pr\u00e1tica cl\u00ednica, <\/strong>contribuindo desta forma para a Medicina personalizada.\u00a0<\/p>\t\t\t\t\t\t\t\t<\/div>\n\t\t\t\t<\/div>\n\t\t\t\t<div class=\"elementor-element elementor-element-73211c9 elementor-widget elementor-widget-image\" data-id=\"73211c9\" data-element_type=\"widget\" data-e-type=\"widget\" data-widget_type=\"image.default\">\n\t\t\t\t<div class=\"elementor-widget-container\">\n\t\t\t\t\t\t\t\t\t\t\t\t\t\t\t<img fetchpriority=\"high\" decoding=\"async\" width=\"1148\" height=\"195\" src=\"https:\/\/intellisanus.com\/wp-content\/uploads\/2025\/02\/IntelliRevamp3-Copia.Tiny_-e1739463127922.png\" class=\"attachment-full size-full wp-image-1296\" alt=\"Logo\" srcset=\"https:\/\/intellisanus.com\/wp-content\/uploads\/2025\/02\/IntelliRevamp3-Copia.Tiny_-e1739463127922.png 1148w, https:\/\/intellisanus.com\/wp-content\/uploads\/2025\/02\/IntelliRevamp3-Copia.Tiny_-e1739463127922-300x51.png 300w, https:\/\/intellisanus.com\/wp-content\/uploads\/2025\/02\/IntelliRevamp3-Copia.Tiny_-e1739463127922-768x130.png 768w, https:\/\/intellisanus.com\/wp-content\/uploads\/2025\/02\/IntelliRevamp3-Copia.Tiny_-e1739463127922-1024x174.png 1024w\" sizes=\"(max-width: 1148px) 100vw, 1148px\" \/>\t\t\t\t\t\t\t\t\t\t\t\t\t\t\t<\/div>\n\t\t\t\t<\/div>\n\t\t\t\t\t<\/div>\n\t\t<\/div>\n\t\t\t\t<div class=\"elementor-column elementor-col-50 elementor-top-column elementor-element elementor-element-ecb786b elementor-hidden-tablet elementor-hidden-mobile\" data-id=\"ecb786b\" data-element_type=\"column\" data-e-type=\"column\">\n\t\t\t<div class=\"elementor-widget-wrap elementor-element-populated\">\n\t\t\t\t\t\t<div class=\"elementor-element elementor-element-bef0d06 elementor-widget elementor-widget-image\" data-id=\"bef0d06\" data-element_type=\"widget\" data-e-type=\"widget\" data-widget_type=\"image.default\">\n\t\t\t\t<div class=\"elementor-widget-container\">\n\t\t\t\t\t\t\t\t\t\t\t\t\t\t\t<img decoding=\"async\" width=\"960\" height=\"814\" src=\"https:\/\/intellisanus.com\/wp-content\/uploads\/2023\/05\/pic-33.jpg\" class=\"attachment-large size-large wp-image-1016\" alt=\"\" srcset=\"https:\/\/intellisanus.com\/wp-content\/uploads\/2023\/05\/pic-33.jpg 1000w, https:\/\/intellisanus.com\/wp-content\/uploads\/2023\/05\/pic-33-300x254.jpg 300w, https:\/\/intellisanus.com\/wp-content\/uploads\/2023\/05\/pic-33-768x651.jpg 768w\" sizes=\"(max-width: 960px) 100vw, 960px\" \/>\t\t\t\t\t\t\t\t\t\t\t\t\t\t\t<\/div>\n\t\t\t\t<\/div>\n\t\t\t\t\t<\/div>\n\t\t<\/div>\n\t\t\t\t\t<\/div>\n\t\t<\/section>\n\t\t\t\t<section class=\"elementor-section elementor-top-section elementor-element elementor-element-a246e81 elementor-section-boxed elementor-section-height-default elementor-section-height-default wpr-particle-no wpr-jarallax-no wpr-parallax-no wpr-sticky-section-no wpr-equal-height-no\" data-id=\"a246e81\" data-element_type=\"section\" data-e-type=\"section\" data-settings=\"{&quot;background_background&quot;:&quot;classic&quot;}\">\n\t\t\t\t\t\t<div class=\"elementor-container elementor-column-gap-default\">\n\t\t\t\t\t<div class=\"elementor-column elementor-col-25 elementor-top-column elementor-element elementor-element-3533810\" data-id=\"3533810\" data-element_type=\"column\" data-e-type=\"column\">\n\t\t\t<div class=\"elementor-widget-wrap elementor-element-populated\">\n\t\t\t\t\t\t<div class=\"elementor-element elementor-element-ae88dcc elementor-widget elementor-widget-counter\" data-id=\"ae88dcc\" data-element_type=\"widget\" data-e-type=\"widget\" data-widget_type=\"counter.default\">\n\t\t\t\t<div class=\"elementor-widget-container\">\n\t\t\t\t\t\t\t<div class=\"elementor-counter\">\n\t\t\t<div class=\"elementor-counter-title\">f\u00e1rmacos avaliados<\/div>\t\t\t<div class=\"elementor-counter-number-wrapper\">\n\t\t\t\t<span class=\"elementor-counter-number-prefix\"><\/span>\n\t\t\t\t<span class=\"elementor-counter-number\" data-duration=\"2000\" data-to-value=\"120\" data-from-value=\"0\" data-delimiter=\",\">0<\/span>\n\t\t\t\t<span class=\"elementor-counter-number-suffix\"><\/span>\n\t\t\t<\/div>\n\t\t<\/div>\n\t\t\t\t\t\t<\/div>\n\t\t\t\t<\/div>\n\t\t\t\t\t<\/div>\n\t\t<\/div>\n\t\t\t\t<div class=\"elementor-column elementor-col-25 elementor-top-column elementor-element elementor-element-52a54ff\" data-id=\"52a54ff\" data-element_type=\"column\" data-e-type=\"column\">\n\t\t\t<div class=\"elementor-widget-wrap elementor-element-populated\">\n\t\t\t\t\t\t<div class=\"elementor-element elementor-element-26cec0d elementor-widget elementor-widget-counter\" data-id=\"26cec0d\" data-element_type=\"widget\" data-e-type=\"widget\" data-widget_type=\"counter.default\">\n\t\t\t\t<div class=\"elementor-widget-container\">\n\t\t\t\t\t\t\t<div class=\"elementor-counter\">\n\t\t\t<div class=\"elementor-counter-title\">genes analisados<\/div>\t\t\t<div class=\"elementor-counter-number-wrapper\">\n\t\t\t\t<span class=\"elementor-counter-number-prefix\"><\/span>\n\t\t\t\t<span class=\"elementor-counter-number\" data-duration=\"2000\" data-to-value=\"28\" data-from-value=\"0\" data-delimiter=\",\">0<\/span>\n\t\t\t\t<span class=\"elementor-counter-number-suffix\"><\/span>\n\t\t\t<\/div>\n\t\t<\/div>\n\t\t\t\t\t\t<\/div>\n\t\t\t\t<\/div>\n\t\t\t\t\t<\/div>\n\t\t<\/div>\n\t\t\t\t<div class=\"elementor-column elementor-col-25 elementor-top-column elementor-element elementor-element-117cfc9\" data-id=\"117cfc9\" data-element_type=\"column\" data-e-type=\"column\">\n\t\t\t<div class=\"elementor-widget-wrap elementor-element-populated\">\n\t\t\t\t\t\t<div class=\"elementor-element elementor-element-ea50881 elementor-widget elementor-widget-counter\" data-id=\"ea50881\" data-element_type=\"widget\" data-e-type=\"widget\" data-widget_type=\"counter.default\">\n\t\t\t\t<div class=\"elementor-widget-container\">\n\t\t\t\t\t\t\t<div class=\"elementor-counter\">\n\t\t\t<div class=\"elementor-counter-title\">variantes<\/div>\t\t\t<div class=\"elementor-counter-number-wrapper\">\n\t\t\t\t<span class=\"elementor-counter-number-prefix\"><\/span>\n\t\t\t\t<span class=\"elementor-counter-number\" data-duration=\"2000\" data-to-value=\"85\" data-from-value=\"0\" data-delimiter=\",\">0<\/span>\n\t\t\t\t<span class=\"elementor-counter-number-suffix\"><\/span>\n\t\t\t<\/div>\n\t\t<\/div>\n\t\t\t\t\t\t<\/div>\n\t\t\t\t<\/div>\n\t\t\t\t\t<\/div>\n\t\t<\/div>\n\t\t\t\t<div class=\"elementor-column elementor-col-25 elementor-top-column elementor-element elementor-element-bf08cf2\" data-id=\"bf08cf2\" data-element_type=\"column\" data-e-type=\"column\">\n\t\t\t<div class=\"elementor-widget-wrap elementor-element-populated\">\n\t\t\t\t\t\t<div class=\"elementor-element elementor-element-b0e21b9 elementor-widget-laptop__width-initial elementor-widget elementor-widget-counter\" data-id=\"b0e21b9\" data-element_type=\"widget\" data-e-type=\"widget\" data-widget_type=\"counter.default\">\n\t\t\t\t<div class=\"elementor-widget-container\">\n\t\t\t\t\t\t\t<div class=\"elementor-counter\">\n\t\t\t<div class=\"elementor-counter-title\">intolerancias alimentares<\/div>\t\t\t<div class=\"elementor-counter-number-wrapper\">\n\t\t\t\t<span class=\"elementor-counter-number-prefix\"><\/span>\n\t\t\t\t<span class=\"elementor-counter-number\" data-duration=\"2000\" data-to-value=\"4\" data-from-value=\"0\" data-delimiter=\",\">0<\/span>\n\t\t\t\t<span class=\"elementor-counter-number-suffix\"><\/span>\n\t\t\t<\/div>\n\t\t<\/div>\n\t\t\t\t\t\t<\/div>\n\t\t\t\t<\/div>\n\t\t\t\t\t<\/div>\n\t\t<\/div>\n\t\t\t\t\t<\/div>\n\t\t<\/section>\n\t\t\t\t<section class=\"elementor-section elementor-top-section elementor-element elementor-element-cd627e1 elementor-section-boxed elementor-section-height-default elementor-section-height-default wpr-particle-no wpr-jarallax-no wpr-parallax-no wpr-sticky-section-no wpr-equal-height-no\" data-id=\"cd627e1\" data-element_type=\"section\" data-e-type=\"section\">\n\t\t\t\t\t\t<div class=\"elementor-container elementor-column-gap-default\">\n\t\t\t\t\t<div class=\"elementor-column elementor-col-100 elementor-top-column elementor-element elementor-element-5f97e6b\" data-id=\"5f97e6b\" data-element_type=\"column\" data-e-type=\"column\">\n\t\t\t<div class=\"elementor-widget-wrap elementor-element-populated\">\n\t\t\t\t\t\t<div class=\"elementor-element elementor-element-0b43a13 elementor-widget elementor-widget-heading\" data-id=\"0b43a13\" data-element_type=\"widget\" data-e-type=\"widget\" data-widget_type=\"heading.default\">\n\t\t\t\t<div class=\"elementor-widget-container\">\n\t\t\t\t\t<h2 class=\"elementor-heading-title elementor-size-default\">Servi\u00e7os<\/h2>\t\t\t\t<\/div>\n\t\t\t\t<\/div>\n\t\t\t\t<div class=\"elementor-element elementor-element-b00a61c elementor-widget elementor-widget-heading\" data-id=\"b00a61c\" data-element_type=\"widget\" data-e-type=\"widget\" data-widget_type=\"heading.default\">\n\t\t\t\t<div class=\"elementor-widget-container\">\n\t\t\t\t\t<h2 class=\"elementor-heading-title elementor-size-default\">testes gen\u00e9ticos porque ...<br> \" one size does not fit all\"<\/h2>\t\t\t\t<\/div>\n\t\t\t\t<\/div>\n\t\t\t\t<div class=\"elementor-element elementor-element-f208784 elementor-widget elementor-widget-text-editor\" data-id=\"f208784\" data-element_type=\"widget\" data-e-type=\"widget\" data-widget_type=\"text-editor.default\">\n\t\t\t\t<div class=\"elementor-widget-container\">\n\t\t\t\t\t\t\t\t\t<p>Porque <strong data-start=\"604\" data-end=\"682\">as varia\u00e7\u00f5es gen\u00e9ticas individuais influenciam a resposta aos medicamentos<\/strong>, e a sua identifica\u00e7\u00e3o \u00e9 essencial para <strong data-start=\"723\" data-end=\"809\">personalizar terap\u00eauticas, reduzir eventos adversos e aumentar a efic\u00e1cia cl\u00ednica.<\/strong><\/p>\t\t\t\t\t\t\t\t<\/div>\n\t\t\t\t<\/div>\n\t\t\t\t<div class=\"elementor-element elementor-element-fed1abd wpr-list-style-none elementor-widget elementor-widget-wpr-posts-timeline\" data-id=\"fed1abd\" data-element_type=\"widget\" data-e-type=\"widget\" data-settings=\"{&quot;swiper_speed&quot;:500}\" data-widget_type=\"wpr-posts-timeline.default\">\n\t\t\t\t<div class=\"elementor-widget-container\">\n\t\t\t\t\t<div class=\"wpr-timeline-outer-container\"><div class=\"wpr-wrapper swiper wpr-horizontal-bottom\" dir=\"\" data-slidestoshow = \"2\" data-autoplay=\"\" data-loop=\"\" data-swiper-speed=\"500\" data-swiper-delay=\"0\" data-swiper-poh=\"\" data-swiper-space-between=\"5\"><div class=\"swiper-wrapper wpr-horizontal-bottom-timeline\"><div class=\"swiper-slide swiper-slide-line-top no elementor-repeater-item-4e8cd98\"><div class=\"wpr-extra-label\" ><span class=\"wpr-label\" >Testes de  Farmacogen\u00e9tica<\/span><\/div><div class=\"wpr-main-line-icon wpr-icon\"><svg aria-hidden=\"true\" class=\"e-font-icon-svg e-fas-briefcase-medical\" viewBox=\"0 0 512 512\" xmlns=\"http:\/\/www.w3.org\/2000\/svg\"><path d=\"M464 128h-80V80c0-26.5-21.5-48-48-48H176c-26.5 0-48 21.5-48 48v48H48c-26.5 0-48 21.5-48 48v288c0 26.5 21.5 48 48 48h416c26.5 0 48-21.5 48-48V176c0-26.5-21.5-48-48-48zM192 96h128v32H192V96zm160 248c0 4.4-3.6 8-8 8h-56v56c0 4.4-3.6 8-8 8h-48c-4.4 0-8-3.6-8-8v-56h-56c-4.4 0-8-3.6-8-8v-48c0-4.4 3.6-8 8-8h56v-56c0-4.4 3.6-8 8-8h48c4.4 0 8 3.6 8 8v56h56c4.4 0 8 3.6 8 8v48z\"><\/path><\/svg><\/div><div class=\"wpr-story-info \"><div class=\"wpr-timeline-content-wrapper\"><div class=\"wpr-title-wrap\"><span class=\"wpr-title\">+ de 120 f\u00e1rmacos avaliados, em  diferentes \u00e1reas terap\u00eauticas<\/span><\/div><div class=\"wpr-description\"><p>Oferecemos um painel de estudo muito amplo, para utiliza\u00e7\u00e3o nas diferentes especialidades m\u00e9dicas, nomeadamente Oncologia, Gastrenterologia, Reumatologia, Medicina Interna, Psiquiatria, Neurologia, Cardiologia, entre outras.<\/p><\/div><\/div><\/div><\/div><div class=\"swiper-slide swiper-slide-line-top no elementor-repeater-item-355fb15\"><div class=\"wpr-extra-label\" ><span class=\"wpr-label\" >Teste gen\u00e9tico para Intoler\u00e2ncias Alimentares<\/span><\/div><div class=\"wpr-main-line-icon wpr-icon\"><svg aria-hidden=\"true\" class=\"e-font-icon-svg e-fas-cookie-bite\" viewBox=\"0 0 512 512\" xmlns=\"http:\/\/www.w3.org\/2000\/svg\"><path d=\"M510.52 255.82c-69.97-.85-126.47-57.69-126.47-127.86-70.17 0-127-56.49-127.86-126.45-27.26-4.14-55.13.3-79.72 12.82l-69.13 35.22a132.221 132.221 0 0 0-57.79 57.81l-35.1 68.88a132.645 132.645 0 0 0-12.82 80.95l12.08 76.27a132.521 132.521 0 0 0 37.16 72.96l54.77 54.76a132.036 132.036 0 0 0 72.71 37.06l76.71 12.15c27.51 4.36 55.7-.11 80.53-12.76l69.13-35.21a132.273 132.273 0 0 0 57.79-57.81l35.1-68.88c12.56-24.64 17.01-52.58 12.91-79.91zM176 368c-17.67 0-32-14.33-32-32s14.33-32 32-32 32 14.33 32 32-14.33 32-32 32zm32-160c-17.67 0-32-14.33-32-32s14.33-32 32-32 32 14.33 32 32-14.33 32-32 32zm160 128c-17.67 0-32-14.33-32-32s14.33-32 32-32 32 14.33 32 32-14.33 32-32 32z\"><\/path><\/svg><\/div><div class=\"wpr-story-info \"><div class=\"wpr-timeline-content-wrapper\"><div class=\"wpr-title-wrap\"><span class=\"wpr-title\">Intoler\u00e2ncia \u00e0 Lactose, Gl\u00faten, Histamina, \u00c1lcool e sensibilidade \u00e0 Cafe\u00edna<\/span><\/div><div class=\"wpr-description\"><p>Descubra como a gen\u00e9tica influencia a hipersensibilidade n\u00e3o-al\u00e9rgica. Este teste gen\u00e9tico inovador , estuda variantes gen\u00e9ticas associadas, de forma determinante, a intoler\u00e2ncias alimentares e \u00e0 sensibilidade \u00e0 cafe\u00edna<\/p><\/div><\/div><\/div><\/div><\/div>\n\t\t\t<!-- Add Pagination -->        \n\t\t\t<div class=\"wpr-swiper-pagination\"><\/div>\n\t\t\t<!-- Add Arrows -->\n\t\t\t<div class=\"wpr-button-prev wpr-timeline-prev-arrow wpr-timeline-prev-fed1abd\">\n\t\t\t\t<i class=\"fas fa-angle-left\"><\/i>\n\t\t\t<\/div>\n\t\t\t<div class=\"wpr-button-next wpr-timeline-next-arrow wpr-timeline-next-fed1abd\">\n\t\t\t\t<i class=\"fas fa-angle-left\"><\/i>\n\t\t\t<\/div>\n\t\t<\/div><\/div>\t\t\t\t<\/div>\n\t\t\t\t<\/div>\n\t\t\t\t\t<\/div>\n\t\t<\/div>\n\t\t\t\t\t<\/div>\n\t\t<\/section>\n\t\t\t\t<\/div>\n\t\t","protected":false},"excerpt":{"rendered":"<p>Sobre N\u00f3s Sobre a intelliSanus Estamos comprometidos com a Medicina personalizada A IntelliSanus tem como vis\u00e3o ser um parceiro de refer\u00eancia da comunidade m\u00e9dica, disponibilizando produtos e servi\u00e7os inovadores, que promovam a personaliza\u00e7\u00e3o da medicina e a melhoria dos resultados em sa\u00fade. A utiliza\u00e7\u00e3o de testes gen\u00e9ticos constitui um elemento fundamental desta abordagem, permitindo compreender at\u00e9 95% da variabilidade na resposta individual aos f\u00e1rmacos e apoiar decis\u00f5es terap\u00eauticas mais seguras e eficazes. A IntelliSanus assume o compromisso de disponibilizar testes gen\u00e9ticos simples e de f\u00e1cil integra\u00e7\u00e3o na pr\u00e1tica cl\u00ednica, contribuindo desta forma para a Medicina personalizada.\u00a0 f\u00e1rmacos avaliados 0 genes analisados 0 variantes 0 intolerancias alimentares 0 Servi\u00e7os testes gen\u00e9ticos porque &#8230; &#8221; one size does not fit all&#8221; Porque as varia\u00e7\u00f5es gen\u00e9ticas individuais influenciam a resposta aos medicamentos, e a sua identifica\u00e7\u00e3o \u00e9 essencial para personalizar terap\u00eauticas, reduzir eventos adversos e aumentar a efic\u00e1cia cl\u00ednica. Testes de Farmacogen\u00e9tica + de 120 f\u00e1rmacos avaliados, em diferentes \u00e1reas terap\u00eauticas Oferecemos um painel de estudo muito amplo, para utiliza\u00e7\u00e3o nas diferentes especialidades m\u00e9dicas, nomeadamente Oncologia, Gastrenterologia, Reumatologia, Medicina Interna, Psiquiatria, Neurologia, Cardiologia, entre outras. Teste gen\u00e9tico para Intoler\u00e2ncias Alimentares Intoler\u00e2ncia \u00e0 Lactose, Gl\u00faten, Histamina, \u00c1lcool e sensibilidade \u00e0 Cafe\u00edna Descubra como a gen\u00e9tica influencia a hipersensibilidade n\u00e3o-al\u00e9rgica. Este teste gen\u00e9tico inovador , estuda variantes gen\u00e9ticas associadas, de forma determinante, a intoler\u00e2ncias alimentares e \u00e0 sensibilidade \u00e0 cafe\u00edna<\/p>\n","protected":false},"author":1,"featured_media":0,"parent":0,"menu_order":0,"comment_status":"closed","ping_status":"closed","template":"elementor_canvas","meta":{"footnotes":""},"class_list":["post-7","page","type-page","status-publish","hentry"],"_links":{"self":[{"href":"https:\/\/intellisanus.com\/index.php?rest_route=\/wp\/v2\/pages\/7","targetHints":{"allow":["GET"]}}],"collection":[{"href":"https:\/\/intellisanus.com\/index.php?rest_route=\/wp\/v2\/pages"}],"about":[{"href":"https:\/\/intellisanus.com\/index.php?rest_route=\/wp\/v2\/types\/page"}],"author":[{"embeddable":true,"href":"https:\/\/intellisanus.com\/index.php?rest_route=\/wp\/v2\/users\/1"}],"replies":[{"embeddable":true,"href":"https:\/\/intellisanus.com\/index.php?rest_route=%2Fwp%2Fv2%2Fcomments&post=7"}],"version-history":[{"count":28,"href":"https:\/\/intellisanus.com\/index.php?rest_route=\/wp\/v2\/pages\/7\/revisions"}],"predecessor-version":[{"id":1345,"href":"https:\/\/intellisanus.com\/index.php?rest_route=\/wp\/v2\/pages\/7\/revisions\/1345"}],"wp:attachment":[{"href":"https:\/\/intellisanus.com\/index.php?rest_route=%2Fwp%2Fv2%2Fmedia&parent=7"}],"curies":[{"name":"wp","href":"https:\/\/api.w.org\/{rel}","templated":true}]}}